{"id":338,"date":"2025-03-19T09:56:11","date_gmt":"2025-03-19T08:56:11","guid":{"rendered":"https:\/\/hungarobinia.hu\/?page_id=338"},"modified":"2025-07-11T12:02:42","modified_gmt":"2025-07-11T10:02:42","slug":"impresszum","status":"publish","type":"page","link":"https:\/\/hungarobinia.hu\/en\/impresszum\/","title":{"rendered":"Impresszum"},"content":{"rendered":"<p class=\"qtranxs-available-languages-message qtranxs-available-languages-message-en\">Sorry, this entry is only available in <a href=\"https:\/\/hungarobinia.hu\/hu\/wp-json\/wp\/v2\/pages\/338\" class=\"qtranxs-available-language-link qtranxs-available-language-link-hu\" title=\"Magyar\">Magyar<\/a>.<\/p>","protected":false},"excerpt":{"rendered":"Sorry, this entry is only available in Magyar.","protected":false},"author":1,"featured_media":0,"parent":0,"menu_order":0,"comment_status":"closed","ping_status":"closed","template":"","meta":{"inline_featured_image":false,"footnotes":""},"class_list":["post-338","page","type-page","status-publish","hentry"],"acf":[],"yoast_head":"<!-- This site is optimized with the Yoast SEO plugin v25.4 - https:\/\/yoast.com\/wordpress\/plugins\/seo\/ -->\n<title><\/title>\n<meta name=\"robots\" content=\"index, follow, max-snippet:-1, max-image-preview:large, max-video-preview:-1\" \/>\n<link rel=\"canonical\" href=\"https:\/\/hungarobinia.hu\/impresszum\/\" \/>\n<meta property=\"og:locale\" content=\"en_US\" \/>\n<meta property=\"og:type\" content=\"article\" \/>\n<meta property=\"og:title\" content=\"Impresszum - Hungarobinia\" \/>\n<meta property=\"og:description\" content=\"Sorry, this entry is only available in Magyar.\" \/>\n<meta property=\"og:url\" content=\"https:\/\/hungarobinia.hu\/impresszum\/\" \/>\n<meta property=\"og:site_name\" content=\"Hungarobinia\" \/>\n<meta property=\"article:modified_time\" content=\"2025-07-11T10:02:42+00:00\" \/>\n<meta name=\"twitter:card\" content=\"summary_large_image\" \/>\n<script type=\"application\/ld+json\" class=\"yoast-schema-graph\">{\"@context\":\"https:\/\/schema.org\",\"@graph\":[{\"@type\":\"WebPage\",\"@id\":\"https:\/\/hungarobinia.hu\/impresszum\/\",\"url\":\"https:\/\/hungarobinia.hu\/impresszum\/\",\"name\":\"[:hu]Impresszum[:] - Hungarobinia\",\"isPartOf\":{\"@id\":\"https:\/\/hungarobinia.hu\/#website\"},\"datePublished\":\"2025-03-19T08:56:11+00:00\",\"dateModified\":\"2025-07-11T10:02:42+00:00\",\"breadcrumb\":{\"@id\":\"https:\/\/hungarobinia.hu\/impresszum\/#breadcrumb\"},\"inLanguage\":\"en-US\",\"potentialAction\":[{\"@type\":\"ReadAction\",\"target\":[\"https:\/\/hungarobinia.hu\/impresszum\/\"]}]},{\"@type\":\"BreadcrumbList\",\"@id\":\"https:\/\/hungarobinia.hu\/impresszum\/#breadcrumb\",\"itemListElement\":[{\"@type\":\"ListItem\",\"position\":1,\"name\":\"Kezd\u0151lap\",\"item\":\"https:\/\/hungarobinia.hu\/\"},{\"@type\":\"ListItem\",\"position\":2,\"name\":\"Impresszum\"}]},{\"@type\":\"WebSite\",\"@id\":\"https:\/\/hungarobinia.hu\/#website\",\"url\":\"https:\/\/hungarobinia.hu\/\",\"name\":\"Hungarobinia\",\"description\":\"[:hu]Ak\u00e1cfa \u00e9s ak\u00e1cfaterm\u00e9kek \u2013 magyar gy\u00e1rt\u00f3k \u00e9s forgalmaz\u00f3k bemutat\u00e1sa egy helyen.[:]\",\"publisher\":{\"@id\":\"https:\/\/hungarobinia.hu\/#organization\"},\"potentialAction\":[{\"@type\":\"SearchAction\",\"target\":{\"@type\":\"EntryPoint\",\"urlTemplate\":\"https:\/\/hungarobinia.hu\/?s={search_term_string}\"},\"query-input\":{\"@type\":\"PropertyValueSpecification\",\"valueRequired\":true,\"valueName\":\"search_term_string\"}}],\"inLanguage\":\"en-US\"},{\"@type\":\"Organization\",\"@id\":\"https:\/\/hungarobinia.hu\/#organization\",\"name\":\"Hungarobinia\",\"url\":\"https:\/\/hungarobinia.hu\/\",\"logo\":{\"@type\":\"ImageObject\",\"inLanguage\":\"en-US\",\"@id\":\"https:\/\/hungarobinia.hu\/#\/schema\/logo\/image\/\",\"url\":\"https:\/\/hungarobinia.hu\/wp-content\/uploads\/2025\/02\/hungarobinia_logo_feher.svg\",\"contentUrl\":\"https:\/\/hungarobinia.hu\/wp-content\/uploads\/2025\/02\/hungarobinia_logo_feher.svg\",\"caption\":\"Hungarobinia\"},\"image\":{\"@id\":\"https:\/\/hungarobinia.hu\/#\/schema\/logo\/image\/\"}}]}<\/script>\n<!-- \/ Yoast SEO plugin. -->","yoast_head_json":{"title":"[:hu]Impresszum[:] - Hungarobinia","robots":{"index":"index","follow":"follow","max-snippet":"max-snippet:-1","max-image-preview":"max-image-preview:large","max-video-preview":"max-video-preview:-1"},"canonical":"https:\/\/hungarobinia.hu\/impresszum\/","og_locale":"en_US","og_type":"article","og_title":"Impresszum - Hungarobinia","og_description":"Sorry, this entry is only available in Magyar.","og_url":"https:\/\/hungarobinia.hu\/impresszum\/","og_site_name":"Hungarobinia","article_modified_time":"2025-07-11T10:02:42+00:00","twitter_card":"summary_large_image","schema":{"@context":"https:\/\/schema.org","@graph":[{"@type":"WebPage","@id":"https:\/\/hungarobinia.hu\/impresszum\/","url":"https:\/\/hungarobinia.hu\/impresszum\/","name":"[:hu]Impresszum[:] - Hungarobinia","isPartOf":{"@id":"https:\/\/hungarobinia.hu\/#website"},"datePublished":"2025-03-19T08:56:11+00:00","dateModified":"2025-07-11T10:02:42+00:00","breadcrumb":{"@id":"https:\/\/hungarobinia.hu\/impresszum\/#breadcrumb"},"inLanguage":"en-US","potentialAction":[{"@type":"ReadAction","target":["https:\/\/hungarobinia.hu\/impresszum\/"]}]},{"@type":"BreadcrumbList","@id":"https:\/\/hungarobinia.hu\/impresszum\/#breadcrumb","itemListElement":[{"@type":"ListItem","position":1,"name":"Kezd\u0151lap","item":"https:\/\/hungarobinia.hu\/"},{"@type":"ListItem","position":2,"name":"Impresszum"}]},{"@type":"WebSite","@id":"https:\/\/hungarobinia.hu\/#website","url":"https:\/\/hungarobinia.hu\/","name":"Hungarobinia","description":"[:hu]Ak\u00e1cfa \u00e9s ak\u00e1cfaterm\u00e9kek \u2013 magyar gy\u00e1rt\u00f3k \u00e9s forgalmaz\u00f3k bemutat\u00e1sa egy helyen.[:]","publisher":{"@id":"https:\/\/hungarobinia.hu\/#organization"},"potentialAction":[{"@type":"SearchAction","target":{"@type":"EntryPoint","urlTemplate":"https:\/\/hungarobinia.hu\/?s={search_term_string}"},"query-input":{"@type":"PropertyValueSpecification","valueRequired":true,"valueName":"search_term_string"}}],"inLanguage":"en-US"},{"@type":"Organization","@id":"https:\/\/hungarobinia.hu\/#organization","name":"Hungarobinia","url":"https:\/\/hungarobinia.hu\/","logo":{"@type":"ImageObject","inLanguage":"en-US","@id":"https:\/\/hungarobinia.hu\/#\/schema\/logo\/image\/","url":"https:\/\/hungarobinia.hu\/wp-content\/uploads\/2025\/02\/hungarobinia_logo_feher.svg","contentUrl":"https:\/\/hungarobinia.hu\/wp-content\/uploads\/2025\/02\/hungarobinia_logo_feher.svg","caption":"Hungarobinia"},"image":{"@id":"https:\/\/hungarobinia.hu\/#\/schema\/logo\/image\/"}}]}},"_links":{"self":[{"href":"https:\/\/hungarobinia.hu\/en\/wp-json\/wp\/v2\/pages\/338","targetHints":{"allow":["GET"]}}],"collection":[{"href":"https:\/\/hungarobinia.hu\/en\/wp-json\/wp\/v2\/pages"}],"about":[{"href":"https:\/\/hungarobinia.hu\/en\/wp-json\/wp\/v2\/types\/page"}],"author":[{"embeddable":true,"href":"https:\/\/hungarobinia.hu\/en\/wp-json\/wp\/v2\/users\/1"}],"replies":[{"embeddable":true,"href":"https:\/\/hungarobinia.hu\/en\/wp-json\/wp\/v2\/comments?post=338"}],"version-history":[{"count":5,"href":"https:\/\/hungarobinia.hu\/en\/wp-json\/wp\/v2\/pages\/338\/revisions"}],"predecessor-version":[{"id":355,"href":"https:\/\/hungarobinia.hu\/en\/wp-json\/wp\/v2\/pages\/338\/revisions\/355"}],"wp:attachment":[{"href":"https:\/\/hungarobinia.hu\/en\/wp-json\/wp\/v2\/media?parent=338"}],"curies":[{"name":"wp","href":"https:\/\/api.w.org\/{rel}","templated":true}]}}